{"id":97,"date":"2025-11-07T02:45:31","date_gmt":"2025-11-07T02:45:31","guid":{"rendered":"https:\/\/darkslategrey-porpoise-407952.hostingersite.com\/?page_id=97"},"modified":"2025-11-07T02:49:30","modified_gmt":"2025-11-07T02:49:30","slug":"politique-de-cookies","status":"publish","type":"page","link":"https:\/\/camconnectglobal.com\/en\/politique-de-cookies\/","title":{"rendered":"Cookie Policy"},"content":{"rendered":"<div data-elementor-type=\"wp-page\" data-elementor-id=\"97\" class=\"elementor elementor-97\" data-elementor-post-type=\"page\">\n\t\t\t\t<div class=\"elementor-element elementor-element-e609c00 e-flex e-con-boxed e-con e-parent\" data-id=\"e609c00\" data-element_type=\"container\" data-e-type=\"container\">\n\t\t\t\t\t<div class=\"e-con-inner\">\n\t\t\t\t<div class=\"elementor-element elementor-element-c00bffd elementor-widget elementor-widget-text-editor\" data-id=\"c00bffd\" data-element_type=\"widget\" data-e-type=\"widget\" data-widget_type=\"text-editor.default\">\n\t\t\t\t\t\t\t\t\t<p>Politique de cookies \u2013 CamConnect Global LTD<\/p><p>Ce site peut utiliser des cookies afin d\u2019am\u00e9liorer l&rsquo;exp\u00e9rience utilisateur et analyser l\u2019activit\u00e9 du site.<\/p><p>1. Qu\u2019est-ce qu\u2019un cookie ?<br \/>Un cookie est un petit fichier texte d\u00e9pos\u00e9 sur votre appareil lors de votre visite. Les cookies permettent d\u2019optimiser la navigation et de conserver certaines pr\u00e9f\u00e9rences.<\/p><p>2. Utilisation<br \/>Les cookies \u00e9ventuellement utilis\u00e9s peuvent servir \u00e0 :<br \/>&#8211; analyser les interactions et visites du site<br \/>&#8211; am\u00e9liorer la navigation<br \/>&#8211; optimiser l\u2019affichage<\/p><p>Ces cookies ne permettent pas d\u2019identifier personnellement les utilisateurs.<\/p><p>3. D\u00e9sactivation des cookies<br \/>Vous pouvez d\u00e9sactiver les cookies via les param\u00e8tres de votre navigateur. Cela peut entra\u00eener des limitations dans la navigation ou certaines fonctionnalit\u00e9s.<\/p><p>4. Modifications<br \/>CamConnect Global LTD se r\u00e9serve le droit de modifier cette politique de cookies \u00e0 tout moment.<\/p>\t\t\t\t\t\t\t\t<\/div>\n\t\t\t\t\t<\/div>\n\t\t\t\t<\/div>\n\t\t\t\t<\/div>","protected":false},"excerpt":{"rendered":"<p>Politique de cookies \u2013 CamConnect Global LTD Ce site peut utiliser des cookies afin d\u2019am\u00e9liorer l&rsquo;exp\u00e9rience utilisateur et analyser l\u2019activit\u00e9 du site. 1. Qu\u2019est-ce qu\u2019un cookie ?Un cookie est un petit fichier texte d\u00e9pos\u00e9 sur votre appareil lors de votre visite. Les cookies permettent d\u2019optimiser la navigation et de conserver certaines pr\u00e9f\u00e9rences. 2. UtilisationLes cookies [&hellip;]<\/p>","protected":false},"author":1,"featured_media":0,"parent":0,"menu_order":0,"comment_status":"closed","ping_status":"closed","template":"","meta":{"footnotes":""},"class_list":["post-97","page","type-page","status-publish","hentry"],"_hostinger_reach_plugin_has_subscription_block":false,"_hostinger_reach_plugin_is_elementor":false,"_links":{"self":[{"href":"https:\/\/camconnectglobal.com\/en\/wp-json\/wp\/v2\/pages\/97","targetHints":{"allow":["GET"]}}],"collection":[{"href":"https:\/\/camconnectglobal.com\/en\/wp-json\/wp\/v2\/pages"}],"about":[{"href":"https:\/\/camconnectglobal.com\/en\/wp-json\/wp\/v2\/types\/page"}],"author":[{"embeddable":true,"href":"https:\/\/camconnectglobal.com\/en\/wp-json\/wp\/v2\/users\/1"}],"replies":[{"embeddable":true,"href":"https:\/\/camconnectglobal.com\/en\/wp-json\/wp\/v2\/comments?post=97"}],"version-history":[{"count":4,"href":"https:\/\/camconnectglobal.com\/en\/wp-json\/wp\/v2\/pages\/97\/revisions"}],"predecessor-version":[{"id":102,"href":"https:\/\/camconnectglobal.com\/en\/wp-json\/wp\/v2\/pages\/97\/revisions\/102"}],"wp:attachment":[{"href":"https:\/\/camconnectglobal.com\/en\/wp-json\/wp\/v2\/media?parent=97"}],"curies":[{"name":"wp","href":"https:\/\/api.w.org\/{rel}","templated":true}]}}